{"id":570,"date":"2026-04-26T08:58:02","date_gmt":"2026-04-26T07:58:02","guid":{"rendered":"https:\/\/www.quintanal.es\/blog\/?page_id=570"},"modified":"2026-05-02T12:28:13","modified_gmt":"2026-05-02T11:28:13","slug":"presentacion","status":"publish","type":"page","link":"https:\/\/www.quintanal.es\/blog\/","title":{"rendered":"Bienvenid@s"},"content":{"rendered":"\n<p class=\"has-vivid-red-color has-text-color has-link-color wp-elements-251ac472cde28fa8501f6e78818614e1\"><strong>Os doy la bienvenida a esta BIT\u00c1CORA, mi <em>cuaderno personal de notas<\/em>.<\/strong><\/p>\n\n\n\n<p class=\"has-black-color has-text-color has-link-color wp-elements-9ac00cf961d1ea846fe5a532228b76c6\"><\/p>\n\n\n<div class=\"wp-block-image\">\n<figure class=\"alignleft size-full is-resized\"><a href=\"https:\/\/www.quintanal.es\/blog\/wp-content\/uploads\/2026\/04\/imagen-2.png\"><img loading=\"lazy\" decoding=\"async\" width=\"320\" height=\"438\" src=\"https:\/\/www.quintanal.es\/blog\/wp-content\/uploads\/2026\/04\/imagen-2.png\" alt=\"\" class=\"wp-image-573\" style=\"aspect-ratio:0.7305975608101455;width:197px;height:auto\" srcset=\"https:\/\/www.quintanal.es\/blog\/wp-content\/uploads\/2026\/04\/imagen-2.png 320w, https:\/\/www.quintanal.es\/blog\/wp-content\/uploads\/2026\/04\/imagen-2-219x300.png 219w\" sizes=\"auto, (max-width: 320px) 100vw, 320px\" \/><\/a><\/figure>\n<\/div>\n\n\n<p class=\"has-black-color has-text-color has-link-color wp-elements-523a566a92b12f8af086a46127d6ca76\">Pretende ser, precisamente una ventana que permanecer\u00e1 abierta dispuesta a recoger cuanto se pueda ver en la vida del entorno. Y todos qued\u00e1is invitados a participar, pod\u00e9is asomaros y ver lo que se opina, piensa, reflexiona\u2026 construyendo juntos ese paisaje que debe conformar nuestra vida en este siglo veintiuno. As\u00ed\u00ad pues, adelante, sed bienvenidos. Est\u00e1is invitados. \u00a1\u00a1\u00a1 Pod\u00e9is pasar !!!!<\/p>\n\n\n\n<p>Encontrar\u00e9is distintas opciones en la barra de men\u00fa. En ellas se presenta una recopilaci\u00f3n completa contribuciones en distintos \u00e1mbitos, los cuales quiero recoger con esta sencilla aportaci\u00f3n. Os invito a compartirla y a participar. Muchas gracias por vuestra generosidad aceptando mi invitaci\u00f3n. \u00a1\u00a1\u00a1Adelante!!!<\/p>\n\n\n\n<p>_____________________________________________<\/p>\n\n\n\n<ul class=\"wp-block-list\">\n<li><span style=\"color: #000080;\"> <a title=\"Web Personal\" href=\"https:\/\/www.quintanal.es\/\" target=\"_blank\"><span style=\"color: #000080;\">Web Personal<\/span><\/a>\u00a0 <\/span><\/li>\n\n\n\n<li><span><a href=\"https:\/\/www.uned.es\/universidad\/docentes\/educacion\/jose-quintanal-diaz.html\" target=\"_blank\" rel=\"noreferrer noopener\"><span style=\"color: #000080;\">Web Acad\u00e9mica<\/span><\/a><\/span><span style=\"color: #000080;\">\u00a0 <\/span><\/li>\n<\/ul>\n","protected":false},"excerpt":{"rendered":"<p>Os doy la bienvenida a esta BIT\u00c1CORA, mi cuaderno personal de notas. Pretende ser, precisamente una ventana que permanecer\u00e1 abierta dispuesta a recoger cuanto se pueda ver en la vida del entorno. Y todos qued\u00e1is invitados a participar, pod\u00e9is asomaros y ver lo que se opina, piensa, reflexiona\u2026 construyendo juntos ese paisaje que debe conformar [&hellip;]<\/p>\n","protected":false},"author":2,"featured_media":0,"parent":0,"menu_order":0,"comment_status":"closed","ping_status":"closed","template":"","meta":{"footnotes":""},"class_list":["post-570","page","type-page","status-publish","hentry"],"_links":{"self":[{"href":"https:\/\/www.quintanal.es\/blog\/wp-json\/wp\/v2\/pages\/570","targetHints":{"allow":["GET"]}}],"collection":[{"href":"https:\/\/www.quintanal.es\/blog\/wp-json\/wp\/v2\/pages"}],"about":[{"href":"https:\/\/www.quintanal.es\/blog\/wp-json\/wp\/v2\/types\/page"}],"author":[{"embeddable":true,"href":"https:\/\/www.quintanal.es\/blog\/wp-json\/wp\/v2\/users\/2"}],"replies":[{"embeddable":true,"href":"https:\/\/www.quintanal.es\/blog\/wp-json\/wp\/v2\/comments?post=570"}],"version-history":[{"count":0,"href":"https:\/\/www.quintanal.es\/blog\/wp-json\/wp\/v2\/pages\/570\/revisions"}],"wp:attachment":[{"href":"https:\/\/www.quintanal.es\/blog\/wp-json\/wp\/v2\/media?parent=570"}],"curies":[{"name":"wp","href":"https:\/\/api.w.org\/{rel}","templated":true}]}}