{"id":83,"date":"2021-02-14T17:22:27","date_gmt":"2021-02-14T17:22:27","guid":{"rendered":"https:\/\/www.quintanal.es\/web\/?page_id=83"},"modified":"2026-04-29T21:18:13","modified_gmt":"2026-04-29T21:18:13","slug":"poesia","status":"publish","type":"page","link":"https:\/\/www.quintanal.es\/web\/poesia\/","title":{"rendered":"Poes\u00eda"},"content":{"rendered":"\t\t<div data-elementor-type=\"wp-post\" data-elementor-id=\"83\" class=\"elementor elementor-83\">\n\t\t\t\t\t\t<section class=\"elementor-section elementor-top-section elementor-element elementor-element-4a045a4 elementor-section-boxed elementor-section-height-default elementor-section-height-default\" data-id=\"4a045a4\" data-element_type=\"section\">\n\t\t\t\t\t\t<div class=\"elementor-container elementor-column-gap-default\">\n\t\t\t\t\t<div class=\"elementor-column elementor-col-100 elementor-top-column elementor-element elementor-element-353969f\" data-id=\"353969f\" data-element_type=\"column\">\n\t\t\t<div class=\"elementor-widget-wrap elementor-element-populated\">\n\t\t\t\t\t\t<section class=\"elementor-section elementor-inner-section elementor-element elementor-element-56ddca5 elementor-section-boxed elementor-section-height-default elementor-section-height-default\" data-id=\"56ddca5\" data-element_type=\"section\">\n\t\t\t\t\t\t<div class=\"elementor-container elementor-column-gap-default\">\n\t\t\t\t\t<div class=\"elementor-column elementor-col-50 elementor-inner-column elementor-element elementor-element-2d337a9\" data-id=\"2d337a9\" data-element_type=\"column\">\n\t\t\t<div class=\"elementor-widget-wrap elementor-element-populated\">\n\t\t\t\t\t\t<div class=\"elementor-element elementor-element-304f416 elementor-widget elementor-widget-image\" data-id=\"304f416\" data-element_type=\"widget\" data-widget_type=\"image.default\">\n\t\t\t\t<div class=\"elementor-widget-container\">\n\t\t\t\t\t\t\t\t\t\t\t\t\t\t\t<img fetchpriority=\"high\" decoding=\"async\" width=\"600\" height=\"600\" src=\"https:\/\/www.quintanal.es\/web\/wp-content\/uploads\/2021\/02\/papel.jpg\" class=\"attachment-large size-large wp-image-213\" alt=\"\" srcset=\"https:\/\/www.quintanal.es\/web\/wp-content\/uploads\/2021\/02\/papel.jpg 600w, https:\/\/www.quintanal.es\/web\/wp-content\/uploads\/2021\/02\/papel-300x300.jpg 300w, https:\/\/www.quintanal.es\/web\/wp-content\/uploads\/2021\/02\/papel-150x150.jpg 150w, https:\/\/www.quintanal.es\/web\/wp-content\/uploads\/2021\/02\/papel-400x400.jpg 400w, https:\/\/www.quintanal.es\/web\/wp-content\/uploads\/2021\/02\/papel-48x48.jpg 48w, https:\/\/www.quintanal.es\/web\/wp-content\/uploads\/2021\/02\/papel-250x250.jpg 250w, https:\/\/www.quintanal.es\/web\/wp-content\/uploads\/2021\/02\/papel-550x550.jpg 550w, https:\/\/www.quintanal.es\/web\/wp-content\/uploads\/2021\/02\/papel-180x180.jpg 180w, https:\/\/www.quintanal.es\/web\/wp-content\/uploads\/2021\/02\/papel-500x500.jpg 500w\" sizes=\"(max-width: 600px) 100vw, 600px\" \/>\t\t\t\t\t\t\t\t\t\t\t\t\t\t\t<\/div>\n\t\t\t\t<\/div>\n\t\t\t\t\t<\/div>\n\t\t<\/div>\n\t\t\t\t<div class=\"elementor-column elementor-col-50 elementor-inner-column elementor-element elementor-element-57c6c05\" data-id=\"57c6c05\" data-element_type=\"column\">\n\t\t\t<div class=\"elementor-widget-wrap elementor-element-populated\">\n\t\t\t\t\t\t<div class=\"elementor-element elementor-element-b6baa79 elementor-widget elementor-widget-text-editor\" data-id=\"b6baa79\" data-element_type=\"widget\" data-widget_type=\"text-editor.default\">\n\t\t\t\t<div class=\"elementor-widget-container\">\n\t\t\t\t\t\t\t\t\t<p><a href=\"http:\/\/www.quintanal.es\/web\/POEMAS\/Maternidad.pdf\" target=\"_blank\" rel=\"noopener\">Maternidad<\/a><\/p><p><a href=\"http:\/\/www.quintanal.es\/web\/POEMAS\/Almibar.pdf\">Alm\u00edbar de lim\u00f3n<\/a><\/p><p><a href=\"http:\/\/www.quintanal.es\/web\/POEMAS\/Hoy_4-dic.pdf\" target=\"_blank\" rel=\"noopener\">Hoy, cuatro de diciembre<\/a><\/p><p><a href=\"http:\/\/www.quintanal.es\/web\/POEMAS\/Elegia.pdf\" target=\"_blank\" rel=\"noopener\">Eleg\u00eda&#8230; al amigo que se va<\/a><\/p><p><a href=\"http:\/\/www.quintanal.es\/web\/POEMAS\/brindis.pdf\" target=\"_blank\" rel=\"noopener\">B<\/a><a href=\"http:\/\/www.quintanal.es\/web\/POEMAS\/brindis.pdf\" target=\"_blank\" rel=\"noopener\">rindis<\/a><\/p><p><a href=\"http:\/\/www.quintanal.es\/web\/POEMAS\/Noemi.pdf\" target=\"_blank\" rel=\"noopener\">Para Noem\u00ed<\/a>&#8230;<\/p>\t\t\t\t\t\t\t\t<\/div>\n\t\t\t\t<\/div>\n\t\t\t\t\t<\/div>\n\t\t<\/div>\n\t\t\t\t\t<\/div>\n\t\t<\/section>\n\t\t\t\t\t<\/div>\n\t\t<\/div>\n\t\t\t\t\t<\/div>\n\t\t<\/section>\n\t\t\t\t<section class=\"elementor-section elementor-top-section elementor-element elementor-element-00c3073 elementor-section-boxed elementor-section-height-default elementor-section-height-default\" data-id=\"00c3073\" data-element_type=\"section\">\n\t\t\t\t\t\t<div class=\"elementor-container elementor-column-gap-default\">\n\t\t\t\t\t<div class=\"elementor-column elementor-col-50 elementor-top-column elementor-element elementor-element-a9b5883\" data-id=\"a9b5883\" data-element_type=\"column\">\n\t\t\t<div class=\"elementor-widget-wrap elementor-element-populated\">\n\t\t\t\t\t\t<div class=\"elementor-element elementor-element-61efaaf elementor-widget elementor-widget-text-editor\" data-id=\"61efaaf\" data-element_type=\"widget\" data-widget_type=\"text-editor.default\">\n\t\t\t\t<div class=\"elementor-widget-container\">\n\t\t\t\t\t\t\t\t\t<p><a href=\"http:\/\/www.quintanal.es\/web\/POEMAS\/Reyes.pdf\">Noche de Reyes<\/a><\/p><p><a href=\"http:\/\/www.quintanal.es\/web\/POEMAS\/Sarcasmo.pdf\" target=\"_blank\" rel=\"noopener\">Sarcasmo<\/a><\/p><p><a href=\"http:\/\/www.quintanal.es\/web\/POEMAS\/43.pdf\" target=\"_blank\" rel=\"noopener\">Vida<\/a><\/p><p><a href=\"http:\/\/www.quintanal.es\/web\/POEMAS\/Una forma de ser.pdf\" target=\"_blank\" rel=\"noopener\">Una forma de ser<\/a><\/p><p><a href=\"http:\/\/www.quintanal.es\/web\/POEMAS\/soledad.pdf\" target=\"_blank\" rel=\"noopener\">En tu soledad<\/a><\/p><p><a href=\"http:\/\/www.quintanal.es\/web\/POEMAS\/Bien-aventurado.pdf\">Bien\/aventurado<\/a><\/p><p><a href=\"http:\/\/www.quintanal.es\/web\/POEMAS\/En-Soledad.pdf\" target=\"_blank\" rel=\"noopener\">En soledad&#8230;<\/a><\/p><p><a href=\"http:\/\/www.quintanal.es\/web\/POEMAS\/Mooving.pdf\">Mooving<\/a><\/p><p><a href=\"http:\/\/www.quintanal.es\/web\/POEMAS\/Paranoia.pdf\" target=\"_blank\" rel=\"noopener\">Paranoia<\/a><\/p><div><p><a href=\"http:\/\/www.quintanal.es\/web\/POEMAS\/Noche_de_Reyes.pdf\" target=\"_blank\" rel=\"noopener\">Noche de Reyes(2)<\/a><\/p><\/div><div><p><a href=\"http:\/\/www.quintanal.es\/web\/POEMAS\/Silencio.pdf\" target=\"_blank\" rel=\"noopener\">El silencio<\/a><\/p><p><a href=\"http:\/\/www.quintanal.es\/web\/POEMAS\/Manos.pdf\" target=\"_blank\" rel=\"noopener\">Manos<\/a><\/p><\/div><div><a href=\"http:\/\/www.quintanal.es\/web\/POEMAS\/Leo.pdf\" target=\"_blank\" rel=\"noopener\">Leo<\/a><\/div><div><\/div>\t\t\t\t\t\t\t\t<\/div>\n\t\t\t\t<\/div>\n\t\t\t\t\t<\/div>\n\t\t<\/div>\n\t\t\t\t<div class=\"elementor-column elementor-col-50 elementor-top-column elementor-element elementor-element-c5fa82d\" data-id=\"c5fa82d\" data-element_type=\"column\">\n\t\t\t<div class=\"elementor-widget-wrap elementor-element-populated\">\n\t\t\t\t\t\t<div class=\"elementor-element elementor-element-45b4e64 elementor-widget elementor-widget-text-editor\" data-id=\"45b4e64\" data-element_type=\"widget\" data-widget_type=\"text-editor.default\">\n\t\t\t\t<div class=\"elementor-widget-container\">\n\t\t\t\t\t\t\t\t\t<p><a href=\"http:\/\/www.quintanal.es\/web\/POEMAS\/Sarcasmo.pdf\" target=\"_blank\" rel=\"noopener\">Reintegraci\u00f3n<\/a><\/p><p><a href=\"http:\/\/www.quintanal.es\/web\/POEMAS\/piedra.pdf\" target=\"_blank\" rel=\"noopener\">Una piedra en el camnio&#8230;<\/a><\/p><p><a href=\"http:\/\/www.quintanal.es\/web\/POEMAS\/azul.pdf\" target=\"_blank\" rel=\"noopener\">Azul<\/a><\/p><p><a href=\"http:\/\/www.quintanal.es\/web\/POEMAS\/Mentiras.pdf\">Mentiras<\/a><\/p><p><a href=\"http:\/\/www.quintanal.es\/web\/POEMAS\/Otra-vida.pdf\">Otra vida<\/a><\/p><p><a href=\"http:\/\/www.quintanal.es\/web\/POEMAS\/Circunspeccion.pdf\" target=\"_blank\" rel=\"noopener\">Circunspecci\u00f3n<\/a><\/p><p><a href=\"http:\/\/www.quintanal.es\/web\/POEMAS\/Llegas-con-sigilo.pdf\">Llegas con sigilo<\/a><\/p><p><a href=\"http:\/\/www.quintanal.es\/web\/POEMAS\/Entrega.pdf\" target=\"_blank\" rel=\"noopener\">Entrega<\/a><\/p><p><a href=\"http:\/\/www.quintanal.es\/web\/POEMAS\/Soneto-1.pdf\">Soneto-1<\/a><\/p><p><a href=\"http:\/\/www.quintanal.es\/web\/POEMAS\/Otra_forma_de_vivir.pdf\" target=\"_blank\" rel=\"noopener\">Esta otra forma de vivir<\/a><\/p><p><a href=\"http:\/\/www.quintanal.es\/web\/POEMAS\/Bicicleta.pdf\" target=\"_blank\" rel=\"noopener\">La bicicleta<\/a><\/p><p><a href=\"http:\/\/www.quintanal.es\/web\/POEMAS\/Noche.pdf\" target=\"_blank\" rel=\"noopener\">Noche<\/a><\/p><p><a href=\"http:\/\/www.quintanal.es\/web\/POEMAS\/Voy.pdf\" target=\"_blank\" rel=\"noopener\">Voy<\/a><\/p>\t\t\t\t\t\t\t\t<\/div>\n\t\t\t\t<\/div>\n\t\t\t\t\t<\/div>\n\t\t<\/div>\n\t\t\t\t\t<\/div>\n\t\t<\/section>\n\t\t\t\t<section class=\"elementor-section elementor-top-section elementor-element elementor-element-cca184c elementor-section-boxed elementor-section-height-default elementor-section-height-default\" data-id=\"cca184c\" data-element_type=\"section\">\n\t\t\t\t\t\t<div class=\"elementor-container elementor-column-gap-default\">\n\t\t\t\t\t<div class=\"elementor-column elementor-col-100 elementor-top-column elementor-element elementor-element-ce3d5f3\" data-id=\"ce3d5f3\" data-element_type=\"column\">\n\t\t\t<div class=\"elementor-widget-wrap elementor-element-populated\">\n\t\t\t\t\t\t<div class=\"elementor-element elementor-element-dd87410 elementor-widget-divider--view-line elementor-widget elementor-widget-divider\" data-id=\"dd87410\" data-element_type=\"widget\" data-widget_type=\"divider.default\">\n\t\t\t\t<div class=\"elementor-widget-container\">\n\t\t\t\t\t\t\t<div class=\"elementor-divider\">\n\t\t\t<span class=\"elementor-divider-separator\">\n\t\t\t\t\t\t<\/span>\n\t\t<\/div>\n\t\t\t\t\t\t<\/div>\n\t\t\t\t<\/div>\n\t\t\t\t\t<\/div>\n\t\t<\/div>\n\t\t\t\t\t<\/div>\n\t\t<\/section>\n\t\t\t\t<section class=\"elementor-section elementor-top-section elementor-element elementor-element-0085b8b elementor-section-boxed elementor-section-height-default elementor-section-height-default\" data-id=\"0085b8b\" data-element_type=\"section\">\n\t\t\t\t\t\t<div class=\"elementor-container elementor-column-gap-default\">\n\t\t\t\t\t<div class=\"elementor-column elementor-col-33 elementor-top-column elementor-element elementor-element-a9376f5\" data-id=\"a9376f5\" data-element_type=\"column\">\n\t\t\t<div class=\"elementor-widget-wrap elementor-element-populated\">\n\t\t\t\t\t\t<div class=\"elementor-element elementor-element-69314a0 elementor-widget__width-initial elementor-widget elementor-widget-image\" data-id=\"69314a0\" data-element_type=\"widget\" data-widget_type=\"image.default\">\n\t\t\t\t<div class=\"elementor-widget-container\">\n\t\t\t\t\t\t\t\t\t\t\t\t<figure class=\"wp-caption\">\n\t\t\t\t\t\t\t\t\t\t<img decoding=\"async\" width=\"546\" height=\"914\" src=\"https:\/\/www.quintanal.es\/web\/wp-content\/uploads\/2026\/01\/Portada-Poemario-2025.png\" class=\"attachment-large size-large wp-image-502\" alt=\"\" srcset=\"https:\/\/www.quintanal.es\/web\/wp-content\/uploads\/2026\/01\/Portada-Poemario-2025.png 546w, https:\/\/www.quintanal.es\/web\/wp-content\/uploads\/2026\/01\/Portada-Poemario-2025-179x300.png 179w, https:\/\/www.quintanal.es\/web\/wp-content\/uploads\/2026\/01\/Portada-Poemario-2025-239x400.png 239w\" sizes=\"(max-width: 546px) 100vw, 546px\" \/>\t\t\t\t\t\t\t\t\t\t\t<figcaption class=\"widget-image-caption wp-caption-text\">Editorial Sanz  y Torres (2025)<\/figcaption>\n\t\t\t\t\t\t\t\t\t\t<\/figure>\n\t\t\t\t\t\t\t\t\t<\/div>\n\t\t\t\t<\/div>\n\t\t\t\t\t<\/div>\n\t\t<\/div>\n\t\t\t\t<div class=\"elementor-column elementor-col-33 elementor-top-column elementor-element elementor-element-c867bc4\" data-id=\"c867bc4\" data-element_type=\"column\">\n\t\t\t<div class=\"elementor-widget-wrap elementor-element-populated\">\n\t\t\t\t\t\t<div class=\"elementor-element elementor-element-ffb249e elementor-widget elementor-widget-text-editor\" data-id=\"ffb249e\" data-element_type=\"widget\" data-widget_type=\"text-editor.default\">\n\t\t\t\t<div class=\"elementor-widget-container\">\n\t\t\t\t\t\t\t\t\t<h6><b>&gt;&gt;&gt; \u00cd N D I C E &lt;&lt;&lt;<\/b><\/h6>\t\t\t\t\t\t\t\t<\/div>\n\t\t\t\t<\/div>\n\t\t\t\t<div class=\"elementor-element elementor-element-fb13083 elementor-widget elementor-widget-text-editor\" data-id=\"fb13083\" data-element_type=\"widget\" data-widget_type=\"text-editor.default\">\n\t\t\t\t<div class=\"elementor-widget-container\">\n\t\t\t\t\t\t\t\t\t<ul><li>Brindis<\/li><li>El sentido de una vida<\/li><li>Madre, mi madre<\/li><li>Sue\u00f1o de una noche de verano<\/li><li>Algo bonito<\/li><li>Ausencia<\/li><li>Presencia<\/li><li>Somos, el recuerdo de lo que somos<\/li><li>Crep\u00fasculo<\/li><li>Miradas enlazadas<\/li><li>Despedida<\/li><li>In memoriam<\/li><li>Vida, sin vida<\/li><\/ul>\t\t\t\t\t\t\t\t<\/div>\n\t\t\t\t<\/div>\n\t\t\t\t\t<\/div>\n\t\t<\/div>\n\t\t\t\t<div class=\"elementor-column elementor-col-33 elementor-top-column elementor-element elementor-element-096174c\" data-id=\"096174c\" data-element_type=\"column\">\n\t\t\t<div class=\"elementor-widget-wrap elementor-element-populated\">\n\t\t\t\t\t\t<div class=\"elementor-element elementor-element-9f39a87 elementor-widget elementor-widget-text-editor\" data-id=\"9f39a87\" data-element_type=\"widget\" data-widget_type=\"text-editor.default\">\n\t\t\t\t<div class=\"elementor-widget-container\">\n\t\t\t\t\t\t\t\t\t<p>\u00a0<\/p><ul><li>En tu carita<\/li><li>Algo muy especial<\/li><li>Aprendiendo a vivir<\/li><li>Adi\u00f3s, maestra<\/li><li>Luna<\/li><li>Alto, muy alto<\/li><li>No me gustan los ratones<\/li><li>V\u00e1monos a dormir<\/li><li>Deseo, formar parte de tu ilusi\u00f3n<\/li><li>Una de dos<\/li><li>Ya ya van cuarenta y tres<\/li><li>Sentir, vivir<\/li><li>Beso,&#8230; eso<\/li><\/ul><div><\/div><div><\/div>\t\t\t\t\t\t\t\t<\/div>\n\t\t\t\t<\/div>\n\t\t\t\t\t<\/div>\n\t\t<\/div>\n\t\t\t\t\t<\/div>\n\t\t<\/section>\n\t\t\t\t<section class=\"elementor-section elementor-top-section elementor-element elementor-element-17119b1 elementor-section-boxed elementor-section-height-default elementor-section-height-default\" data-id=\"17119b1\" data-element_type=\"section\">\n\t\t\t\t\t\t<div class=\"elementor-container elementor-column-gap-default\">\n\t\t\t\t\t<div class=\"elementor-column elementor-col-100 elementor-top-column elementor-element elementor-element-73fa38c\" data-id=\"73fa38c\" data-element_type=\"column\">\n\t\t\t<div class=\"elementor-widget-wrap elementor-element-populated\">\n\t\t\t\t\t\t<div class=\"elementor-element elementor-element-b03b6ed elementor-widget-divider--view-line elementor-widget elementor-widget-divider\" data-id=\"b03b6ed\" data-element_type=\"widget\" data-widget_type=\"divider.default\">\n\t\t\t\t<div class=\"elementor-widget-container\">\n\t\t\t\t\t\t\t<div class=\"elementor-divider\">\n\t\t\t<span class=\"elementor-divider-separator\">\n\t\t\t\t\t\t<\/span>\n\t\t<\/div>\n\t\t\t\t\t\t<\/div>\n\t\t\t\t<\/div>\n\t\t\t\t\t<\/div>\n\t\t<\/div>\n\t\t\t\t\t<\/div>\n\t\t<\/section>\n\t\t\t\t<section class=\"elementor-section elementor-top-section elementor-element elementor-element-6d2f0a2 elementor-section-boxed elementor-section-height-default elementor-section-height-default\" data-id=\"6d2f0a2\" data-element_type=\"section\">\n\t\t\t\t\t\t<div class=\"elementor-container elementor-column-gap-default\">\n\t\t\t\t\t<div class=\"elementor-column elementor-col-100 elementor-top-column elementor-element elementor-element-24474c5\" data-id=\"24474c5\" data-element_type=\"column\">\n\t\t\t<div class=\"elementor-widget-wrap elementor-element-populated\">\n\t\t\t\t\t\t<section class=\"elementor-section elementor-inner-section elementor-element elementor-element-f718006 elementor-section-boxed elementor-section-height-default elementor-section-height-default\" data-id=\"f718006\" data-element_type=\"section\">\n\t\t\t\t\t\t<div class=\"elementor-container elementor-column-gap-default\">\n\t\t\t\t\t<div class=\"elementor-column elementor-col-50 elementor-inner-column elementor-element elementor-element-b1364c4\" data-id=\"b1364c4\" data-element_type=\"column\">\n\t\t\t<div class=\"elementor-widget-wrap\">\n\t\t\t\t\t\t\t<\/div>\n\t\t<\/div>\n\t\t\t\t<div class=\"elementor-column elementor-col-50 elementor-inner-column elementor-element elementor-element-fe40a91\" data-id=\"fe40a91\" data-element_type=\"column\">\n\t\t\t<div class=\"elementor-widget-wrap\">\n\t\t\t\t\t\t\t<\/div>\n\t\t<\/div>\n\t\t\t\t\t<\/div>\n\t\t<\/section>\n\t\t\t\t\t<\/div>\n\t\t<\/div>\n\t\t\t\t\t<\/div>\n\t\t<\/section>\n\t\t\t\t<\/div>\n\t\t","protected":false},"excerpt":{"rendered":"<p>Maternidad Alm\u00edbar de lim\u00f3n Hoy, cuatro de diciembre Eleg\u00eda&#8230; al amigo que se va Brindis Para Noem\u00ed&#8230; Noche de Reyes Sarcasmo Vida Una forma de ser En tu soledad Bien\/aventurado En soledad&#8230; Mooving Paranoia Noche de Reyes(2) El silencio Manos Leo Reintegraci\u00f3n Una piedra en el camnio&#8230; Azul Mentiras Otra vida Circunspecci\u00f3n Llegas con sigilo&hellip; <a href=\"https:\/\/www.quintanal.es\/web\/poesia\/\" class=\"more-link\">Continue reading <span class=\"screen-reader-text\">Poes\u00eda<\/span><\/a><\/p>\n","protected":false},"author":1,"featured_media":0,"parent":0,"menu_order":0,"comment_status":"closed","ping_status":"closed","template":"","meta":{"footnotes":""},"class_list":["post-83","page","type-page","status-publish","hentry"],"_links":{"self":[{"href":"https:\/\/www.quintanal.es\/web\/wp-json\/wp\/v2\/pages\/83","targetHints":{"allow":["GET"]}}],"collection":[{"href":"https:\/\/www.quintanal.es\/web\/wp-json\/wp\/v2\/pages"}],"about":[{"href":"https:\/\/www.quintanal.es\/web\/wp-json\/wp\/v2\/types\/page"}],"author":[{"embeddable":true,"href":"https:\/\/www.quintanal.es\/web\/wp-json\/wp\/v2\/users\/1"}],"replies":[{"embeddable":true,"href":"https:\/\/www.quintanal.es\/web\/wp-json\/wp\/v2\/comments?post=83"}],"version-history":[{"count":10,"href":"https:\/\/www.quintanal.es\/web\/wp-json\/wp\/v2\/pages\/83\/revisions"}],"predecessor-version":[{"id":630,"href":"https:\/\/www.quintanal.es\/web\/wp-json\/wp\/v2\/pages\/83\/revisions\/630"}],"wp:attachment":[{"href":"https:\/\/www.quintanal.es\/web\/wp-json\/wp\/v2\/media?parent=83"}],"curies":[{"name":"wp","href":"https:\/\/api.w.org\/{rel}","templated":true}]}}